{"id":17,"date":"2023-04-21T11:30:59","date_gmt":"2023-04-21T08:30:59","guid":{"rendered":"http:\/\/rosslov\/?page_id=17"},"modified":"2023-04-21T11:35:47","modified_gmt":"2023-04-21T08:35:47","slug":"nase-sluzby","status":"publish","type":"page","link":"https:\/\/rosslov.sk\/?page_id=17","title":{"rendered":"NA\u0160E SLU\u017dBY"},"content":{"rendered":"\n<p>Na\u0161im z\u00e1kazn\u00edkom pon\u00fakame \u0161irok\u00fa \u0161k\u00e1lu \u0161pi\u010dkov\u00fdch rie\u0161en\u00ed, na z\u00e1klade efekt\u00edvnej plnohodnotnej spolupr\u00e1ce vykon\u00e1vame slu\u017eby po\u010dn\u00fac kooperat\u00edvnou SOW (v\u00fdkaz pr\u00e1c), vypracovan\u00edm technick\u00fdch \u00faloh, spolo\u010dn\u00fdm vypracovan\u00edm projektu, v\u00fdrobou technol\u00f3gie a implement\u00e1ciou do v\u00fdrobn\u00e9ho cyklu. Okrem toho vykon\u00e1vame vlastn\u00fa in\u0161tal\u00e1ciu, ako aj popredajn\u00fa \u00fadr\u017ebu a z\u00e1ru\u010dn\u00fd servis.<\/p>\n\n\n\n<p>Na\u0161e \u00fasilie smeruje k \u00fapln\u00e9mu komplexn\u00e9mu uspokojeniu po\u017eiadaviek priemyseln\u00fdch podnikov v oblasti zv\u00e1rania a v\u00fdroby pr\u00edrezov. Sna\u017e\u00edme sa pom\u00e1ha\u0165 z\u00e1kazn\u00edkom pri tvorbe \u00fa\u010delov\u00fdch individu\u00e1lnych technick\u00fdch rozhodnut\u00ed.<\/p>\n\n\n\n<p>N\u00e1vod na in\u0161tal\u00e1ciu a spustenie s nastaven\u00edm zariadenia.<\/p>\n\n\n\n<p>Z\u00e1ru\u010dn\u00fd a popredajn\u00fd servis akejko\u013evek zlo\u017eitosti s mo\u017enos\u0165ou v\u00fdjazdu odborn\u00edka na miesto v\u00fdkonu pr\u00e1ce;<\/p>\n\n\n\n<p>Odborn\u00e9 technick\u00e9 konzult\u00e1cie vysokokvalifikovan\u00fdch odborn\u00edkov pri v\u00fdbere a nastavovan\u00ed zv\u00e1ran\u00fdch zariaden\u00ed a zav\u00e1dzan\u00ed technol\u00f3gi\u00ed zv\u00e1rania, rezania, rovnania;<\/p>\n\n\n\n<p>&nbsp;\u0160kolenie v\u00fdrobn\u00fdch zamestnancov na pr\u00e1cu s dodan\u00fdm zariaden\u00edm;<\/p>\n\n\n\n<p>&nbsp;In\u0161tal\u00e1cia zariadenia \u201ena k\u013e\u00fa\u010d\u201c;<\/p>\n\n\n\n<p>&nbsp;Dod\u00e1vanie n\u00e1hradn\u00fdch dielov a r\u00fdchlo opotrebovan\u00fdch detailov;<\/p>\n\n\n\n<p>&nbsp;Moderniz\u00e1cia (op\u00e4tovn\u00e9 vybavenie) zastaran\u00fdch strojov na bodov\u00e9 zv\u00e1ranie a strojov na zv\u00e1ranie \u0161vom;<\/p>\n\n\n\n<p>&nbsp;V\u00fdvoj, v\u00fdroba, zav\u00e1dzanie zv\u00e1rac\u00edch zariaden\u00ed a zariaden\u00ed na armovanie polotovarov v podnikoch na v\u00fdrobu bet\u00f3nov\u00fdch prefabrik\u00e1tov pre jednotliv\u00e9 technick\u00e9 projekty;<\/p>\n\n\n\n<p>SK\u00daSENOSTI A ZNALOSTI NA\u0160ICH ODBORN\u00cdKOV, AKO AJ MODERN\u00c9 KVALITAT\u00cdVNE PREDSTAVEN\u00c9 ZARIADENIA S\u00da K\u013d\u00da\u010cOM K \u00daSPE\u0160N\u00c9MU ROZHODNUTIU O VA\u0160OM PROBL\u00c9ME!<\/p>\n","protected":false},"excerpt":{"rendered":"<p>Na\u0161im z\u00e1kazn\u00edkom pon\u00fakame \u0161irok\u00fa \u0161k\u00e1lu \u0161pi\u010dkov\u00fdch rie\u0161en\u00ed, na z\u00e1klade efekt\u00edvnej plnohodnotnej spolupr\u00e1ce vykon\u00e1vame slu\u017eby po\u010dn\u00fac kooperat\u00edvnou SOW (v\u00fdkaz pr\u00e1c), vypracovan\u00edm technick\u00fdch \u00faloh, spolo\u010dn\u00fdm vypracovan\u00edm projektu, v\u00fdrobou technol\u00f3gie a implement\u00e1ciou do v\u00fdrobn\u00e9ho cyklu. Okrem toho vykon\u00e1vame vlastn\u00fa in\u0161tal\u00e1ciu, ako aj popredajn\u00fa \u00fadr\u017ebu a z\u00e1ru\u010dn\u00fd servis. Na\u0161e \u00fasilie smeruje k \u00fapln\u00e9mu komplexn\u00e9mu uspokojeniu po\u017eiadaviek priemyseln\u00fdch podnikov v &hellip;<\/p>\n<p class=\"read-more\"> <a class=\"\" href=\"https:\/\/rosslov.sk\/?page_id=17\"> <span class=\"screen-reader-text\">NA\u0160E SLU\u017dBY<\/span> \u0427\u0438\u0442\u0430\u0442\u044c \u0434\u0430\u043b\u0435\u0435 &raquo;<\/a><\/p>\n","protected":false},"author":1,"featured_media":0,"parent":0,"menu_order":0,"comment_status":"closed","ping_status":"closed","template":"","meta":{"site-sidebar-layout":"default","site-content-layout":"default","ast-global-header-display":"","ast-main-header-display":"","ast-hfb-above-header-display":"","ast-hfb-below-header-display":"","ast-hfb-mobile-header-display":"","site-post-title":"disabled","ast-breadcrumbs-content":"","ast-featured-img":"","footer-sml-layout":"","theme-transparent-header-meta":"","adv-header-id-meta":"","stick-header-meta":"","header-above-stick-meta":"","header-main-stick-meta":"","header-below-stick-meta":"","footnotes":""},"class_list":["post-17","page","type-page","status-publish","hentry"],"yoast_head":"<!-- This site is optimized with the Yoast SEO plugin v20.5 - https:\/\/yoast.com\/wordpress\/plugins\/seo\/ -->\n<title>NA\u0160E SLU\u017dBY -<\/title>\n<meta name=\"robots\" content=\"index, follow, max-snippet:-1, max-image-preview:large, max-video-preview:-1\" \/>\n<link rel=\"canonical\" href=\"https:\/\/rosslov.sk\/?page_id=17\" \/>\n<meta property=\"og:locale\" content=\"ru_RU\" \/>\n<meta property=\"og:type\" content=\"article\" \/>\n<meta property=\"og:title\" content=\"NA\u0160E SLU\u017dBY -\" \/>\n<meta property=\"og:description\" content=\"Na\u0161im z\u00e1kazn\u00edkom pon\u00fakame \u0161irok\u00fa \u0161k\u00e1lu \u0161pi\u010dkov\u00fdch rie\u0161en\u00ed, na z\u00e1klade efekt\u00edvnej plnohodnotnej spolupr\u00e1ce vykon\u00e1vame slu\u017eby po\u010dn\u00fac kooperat\u00edvnou SOW (v\u00fdkaz pr\u00e1c), vypracovan\u00edm technick\u00fdch \u00faloh, spolo\u010dn\u00fdm vypracovan\u00edm projektu, v\u00fdrobou technol\u00f3gie a implement\u00e1ciou do v\u00fdrobn\u00e9ho cyklu. Okrem toho vykon\u00e1vame vlastn\u00fa in\u0161tal\u00e1ciu, ako aj popredajn\u00fa \u00fadr\u017ebu a z\u00e1ru\u010dn\u00fd servis. Na\u0161e \u00fasilie smeruje k \u00fapln\u00e9mu komplexn\u00e9mu uspokojeniu po\u017eiadaviek priemyseln\u00fdch podnikov v &hellip; NA\u0160E SLU\u017dBY \u0427\u0438\u0442\u0430\u0442\u044c \u0434\u0430\u043b\u0435\u0435 &raquo;\" \/>\n<meta property=\"og:url\" content=\"https:\/\/rosslov.sk\/?page_id=17\" \/>\n<meta property=\"article:modified_time\" content=\"2023-04-21T08:35:47+00:00\" \/>\n<meta name=\"twitter:card\" content=\"summary_large_image\" \/>\n<meta name=\"twitter:label1\" content=\"\u041f\u0440\u0438\u043c\u0435\u0440\u043d\u043e\u0435 \u0432\u0440\u0435\u043c\u044f \u0434\u043b\u044f \u0447\u0442\u0435\u043d\u0438\u044f\" \/>\n\t<meta name=\"twitter:data1\" content=\"1 \u043c\u0438\u043d\u0443\u0442\u0430\" \/>\n<script type=\"application\/ld+json\" class=\"yoast-schema-graph\">{\"@context\":\"https:\/\/schema.org\",\"@graph\":[{\"@type\":\"WebPage\",\"@id\":\"https:\/\/rosslov.sk\/?page_id=17\",\"url\":\"https:\/\/rosslov.sk\/?page_id=17\",\"name\":\"NA\u0160E SLU\u017dBY -\",\"isPartOf\":{\"@id\":\"https:\/\/rosslov.sk\/#website\"},\"datePublished\":\"2023-04-21T08:30:59+00:00\",\"dateModified\":\"2023-04-21T08:35:47+00:00\",\"breadcrumb\":{\"@id\":\"https:\/\/rosslov.sk\/?page_id=17#breadcrumb\"},\"inLanguage\":\"ru-RU\",\"potentialAction\":[{\"@type\":\"ReadAction\",\"target\":[\"https:\/\/rosslov.sk\/?page_id=17\"]}]},{\"@type\":\"BreadcrumbList\",\"@id\":\"https:\/\/rosslov.sk\/?page_id=17#breadcrumb\",\"itemListElement\":[{\"@type\":\"ListItem\",\"position\":1,\"name\":\"\u0413\u043b\u0430\u0432\u043d\u0430\u044f \u0441\u0442\u0440\u0430\u043d\u0438\u0446\u0430\",\"item\":\"https:\/\/rosslov.sk\/\"},{\"@type\":\"ListItem\",\"position\":2,\"name\":\"NA\u0160E SLU\u017dBY\"}]},{\"@type\":\"WebSite\",\"@id\":\"https:\/\/rosslov.sk\/#website\",\"url\":\"https:\/\/rosslov.sk\/\",\"name\":\"\",\"description\":\"ROSSLOV\",\"potentialAction\":[{\"@type\":\"SearchAction\",\"target\":{\"@type\":\"EntryPoint\",\"urlTemplate\":\"https:\/\/rosslov.sk\/?s={search_term_string}\"},\"query-input\":\"required name=search_term_string\"}],\"inLanguage\":\"ru-RU\"}]}<\/script>\n<!-- \/ Yoast SEO plugin. -->","yoast_head_json":{"title":"NA\u0160E SLU\u017dBY -","robots":{"index":"index","follow":"follow","max-snippet":"max-snippet:-1","max-image-preview":"max-image-preview:large","max-video-preview":"max-video-preview:-1"},"canonical":"https:\/\/rosslov.sk\/?page_id=17","og_locale":"ru_RU","og_type":"article","og_title":"NA\u0160E SLU\u017dBY -","og_description":"Na\u0161im z\u00e1kazn\u00edkom pon\u00fakame \u0161irok\u00fa \u0161k\u00e1lu \u0161pi\u010dkov\u00fdch rie\u0161en\u00ed, na z\u00e1klade efekt\u00edvnej plnohodnotnej spolupr\u00e1ce vykon\u00e1vame slu\u017eby po\u010dn\u00fac kooperat\u00edvnou SOW (v\u00fdkaz pr\u00e1c), vypracovan\u00edm technick\u00fdch \u00faloh, spolo\u010dn\u00fdm vypracovan\u00edm projektu, v\u00fdrobou technol\u00f3gie a implement\u00e1ciou do v\u00fdrobn\u00e9ho cyklu. Okrem toho vykon\u00e1vame vlastn\u00fa in\u0161tal\u00e1ciu, ako aj popredajn\u00fa \u00fadr\u017ebu a z\u00e1ru\u010dn\u00fd servis. Na\u0161e \u00fasilie smeruje k \u00fapln\u00e9mu komplexn\u00e9mu uspokojeniu po\u017eiadaviek priemyseln\u00fdch podnikov v &hellip; NA\u0160E SLU\u017dBY \u0427\u0438\u0442\u0430\u0442\u044c \u0434\u0430\u043b\u0435\u0435 &raquo;","og_url":"https:\/\/rosslov.sk\/?page_id=17","article_modified_time":"2023-04-21T08:35:47+00:00","twitter_card":"summary_large_image","twitter_misc":{"\u041f\u0440\u0438\u043c\u0435\u0440\u043d\u043e\u0435 \u0432\u0440\u0435\u043c\u044f \u0434\u043b\u044f \u0447\u0442\u0435\u043d\u0438\u044f":"1 \u043c\u0438\u043d\u0443\u0442\u0430"},"schema":{"@context":"https:\/\/schema.org","@graph":[{"@type":"WebPage","@id":"https:\/\/rosslov.sk\/?page_id=17","url":"https:\/\/rosslov.sk\/?page_id=17","name":"NA\u0160E SLU\u017dBY -","isPartOf":{"@id":"https:\/\/rosslov.sk\/#website"},"datePublished":"2023-04-21T08:30:59+00:00","dateModified":"2023-04-21T08:35:47+00:00","breadcrumb":{"@id":"https:\/\/rosslov.sk\/?page_id=17#breadcrumb"},"inLanguage":"ru-RU","potentialAction":[{"@type":"ReadAction","target":["https:\/\/rosslov.sk\/?page_id=17"]}]},{"@type":"BreadcrumbList","@id":"https:\/\/rosslov.sk\/?page_id=17#breadcrumb","itemListElement":[{"@type":"ListItem","position":1,"name":"\u0413\u043b\u0430\u0432\u043d\u0430\u044f \u0441\u0442\u0440\u0430\u043d\u0438\u0446\u0430","item":"https:\/\/rosslov.sk\/"},{"@type":"ListItem","position":2,"name":"NA\u0160E SLU\u017dBY"}]},{"@type":"WebSite","@id":"https:\/\/rosslov.sk\/#website","url":"https:\/\/rosslov.sk\/","name":"","description":"ROSSLOV","potentialAction":[{"@type":"SearchAction","target":{"@type":"EntryPoint","urlTemplate":"https:\/\/rosslov.sk\/?s={search_term_string}"},"query-input":"required name=search_term_string"}],"inLanguage":"ru-RU"}]}},"_links":{"self":[{"href":"https:\/\/rosslov.sk\/index.php?rest_route=\/wp\/v2\/pages\/17","targetHints":{"allow":["GET"]}}],"collection":[{"href":"https:\/\/rosslov.sk\/index.php?rest_route=\/wp\/v2\/pages"}],"about":[{"href":"https:\/\/rosslov.sk\/index.php?rest_route=\/wp\/v2\/types\/page"}],"author":[{"embeddable":true,"href":"https:\/\/rosslov.sk\/index.php?rest_route=\/wp\/v2\/users\/1"}],"replies":[{"embeddable":true,"href":"https:\/\/rosslov.sk\/index.php?rest_route=%2Fwp%2Fv2%2Fcomments&post=17"}],"version-history":[{"count":2,"href":"https:\/\/rosslov.sk\/index.php?rest_route=\/wp\/v2\/pages\/17\/revisions"}],"predecessor-version":[{"id":21,"href":"https:\/\/rosslov.sk\/index.php?rest_route=\/wp\/v2\/pages\/17\/revisions\/21"}],"wp:attachment":[{"href":"https:\/\/rosslov.sk\/index.php?rest_route=%2Fwp%2Fv2%2Fmedia&parent=17"}],"curies":[{"name":"wp","href":"https:\/\/api.w.org\/{rel}","templated":true}]}}