{"id":14,"date":"2023-04-21T11:30:15","date_gmt":"2023-04-21T08:30:15","guid":{"rendered":"http:\/\/rosslov\/?page_id=14"},"modified":"2023-04-26T13:59:57","modified_gmt":"2023-04-26T10:59:57","slug":"rosslov","status":"publish","type":"page","link":"https:\/\/rosslov.sk\/","title":{"rendered":"DOMOV"},"content":{"rendered":"\n<div class=\"wp-block-nextend-smartslider3\"><\/div>\n\n\n\n<p><\/p>\n\n\n\n<p><strong>Spolo\u010dnos\u0165 RosSlov sro<\/strong> sa \u0161pecializuje na v\u00fdrobu, servis a \u00fadr\u017ebu zv\u00e1rac\u00edch a pomocn\u00fdch zariaden\u00ed pre \u0161irok\u00fd rozsah zv\u00e1rac\u00edch a in\u00fdch pr\u00e1c s armat\u00farami a kovov\u00fdmi celkami. Na\u0161im partnerom pon\u00fakame podporu pri komplexn\u00fdch v\u00fdzvach s\u00favisiacich so sofistikovan\u00fdmi technologick\u00fdmi rie\u0161eniami pri dod\u00e1vke automatizovan\u00fdch zv\u00e1rac\u00edch zariaden\u00ed a v\u00fdrobn\u00fdch liniek.<\/p>\n\n\n\n<p>Na\u0161e slu\u017eby s\u00fa zalo\u017een\u00e9<strong> na partnerstve<\/strong>, ktor\u00e9 pokr\u00fdva <strong>cel\u00fd cyklus<\/strong> implement\u00e1cie rie\u0161enia, podporu z\u00e1kazn\u00edka vo f\u00e1ze technickej \u0161pecifik\u00e1cie, n\u00e1vrhu projektu, praktickej implement\u00e1cie a integr\u00e1cie najmodernej\u0161\u00edch technol\u00f3gi\u00ed do v\u00fdroby, ako aj z\u00e1ru\u010dn\u00e9ho a poz\u00e1ru\u010dn\u00e9ho servisu.<\/p>\n\n\n\n<p>K\u013e\u00fa\u010dovou pridanou hodnotou spolupr\u00e1ce s nami je, \u017ee na z\u00e1klade n\u00e1\u0161ho statusu z\u00e1stupcu popredn\u00e9ho eur\u00f3pskeho v\u00fdrobcu zv\u00e1racej techniky a v\u00fdrobn\u00fdch liniek z\u00edskate <strong>jedine\u010dn\u00fd pr\u00edstup<\/strong> k vysoko kvalifikovan\u00e9mu t\u00edmu \u0161pecialistov, schopn\u00fdch flexibilne reagova\u0165 na Va\u0161e potreby a <strong>zabezpe\u010di\u0165 bezkonkonkuren\u010dne r\u00fdchlu dod\u00e1vku <\/strong>po\u017eadovan\u00fdch technologick\u00fdch rie\u0161en\u00ed na z\u00e1klade \u0161pecifikovan\u00fdch potrieb. Na\u0161e jedine\u010dn\u00e9 postavenie n\u00e1m umo\u017e\u0148uje pon\u00faka\u0165<strong> flexibiln\u00fa cenov\u00fa<\/strong> politiku.<\/p>\n\n\n\n<p>RosSlov \u00faspe\u0161ne dod\u00e1va rie\u0161enia v celej Eur\u00f3pskej \u00fanii. Na\u0161a sie\u0165 partnerov sa neust\u00e1le roz\u0161iruje a sme zn\u00e1mi ako d\u00f4veryhodn\u00fd a zodpovedn\u00fd dod\u00e1vate\u013e zv\u00e1racej techniky a technol\u00f3gi\u00ed pre v\u00fdrobn\u00e9 linky potrebn\u00e9 na v\u00fdrobu armat\u00far a oce\u013eov\u00fdch v\u00fdstu\u017e\u00ed.<\/p>\n\n\n\n<h2 class=\"wp-block-heading has-text-align-center has-ast-global-color-0-color has-text-color\"><strong>ROSSLOV &#8212; k\u013e\u00fa\u010dov\u00fd faktor n\u00e1\u0161ho \u00faspechu a z\u00e1ruka rastu V\u00e1\u0161ho podnikania<\/strong><\/h2>\n\n\n\n<p class=\"has-text-align-center has-ast-global-color-0-color has-text-color\"><strong>ROVNANIE, REZANIE A OH\u00ddBANIE V\u00ddZTU\u017dE<\/strong><\/p>\n\n\n\n<p class=\"has-text-align-center has-ast-global-color-0-color has-text-color\"><strong>KONTAKTN\u00c9 ZV\u00c1RACIE STROJE<\/strong><\/p>\n\n\n\n<p class=\"has-text-align-center has-ast-global-color-0-color has-text-color\"><strong>VIACELEKTR\u00d3DOV\u00c9 ZV\u00c1RACIE STROJE<\/strong><\/p>\n\n\n\n<p>Na\u0161e rie\u0161enia sp\u013a\u0148aj\u00fa najvy\u0161\u0161ie prev\u00e1dzkov\u00e9 po\u017eiadavky a ukazovatele kvality. Ich viacrozmern\u00e9 vyu\u017eitie a funk\u010dn\u00fd dizajn doplnen\u00fd jednoduch\u00fdm, u\u017e\u00edvate\u013esky pr\u00edjemn\u00fdm ovl\u00e1dan\u00edm a ovl\u00e1dan\u00edm \u201eUnitech\u201c rie\u0161enia pre zv\u00e1racie zariadenia je k\u013e\u00fa\u010dov\u00fdm faktorom \u00faspechu a rastu vo va\u0161om segmente podnikania.<\/p>\n\n\n\n<p class=\"has-text-align-center\"><strong>Pon\u00fakame komplexn\u00e9 rie\u0161enia pre stavebn\u00edctvo, dod\u00e1vky zv\u00e1racej techniky a v\u00fdrobn\u00fdch liniek na v\u00fdrobu armat\u00far, oce\u013eov\u00fdch v\u00fdstu\u017e\u00ed a zv\u00e1ran\u00fdch polotovarov ako aj \u0161pecializovan\u00e9 individu\u00e1lne rie\u0161enia \u0161it\u00e9 na mieru \u0161pecifick\u00fdm potreb\u00e1m klientov.<\/strong><\/p>\n\n\n\n<p><strong>S\u00eddlo: HURBANOVA 651\/64, HLOHOVEC, SLOVAK REPUBLIC, 92001<\/strong><\/p>\n\n\n\n<p><strong>Z\u00e1vod: 73-D INDUSTRIAL ST., NOVOCHEBOKSARSK, \u010cUVA\u0160SK\u00c1 REPUBLIKA, 429950, RUSKO<\/strong><\/p>\n\n\n\n<p>V\u00fdroba a \u00fadr\u017eba priemyseln\u00fdch zv\u00e1rac\u00edch zariaden\u00ed<\/p>\n\n\n\n<p>M\u00f4\u017eete n\u00e1s kontaktova\u0165<\/p>\n\n\n\n<p>Nap\u00ed\u0161te n\u00e1m alebo zavolajte a my sa v\u00e1m \u010do najsk\u00f4r ozveme<\/p>\n\n\n\n<h5 class=\"wp-block-heading has-text-align-center has-ast-global-color-0-color has-text-color\"><strong>Pon\u00fakame <\/strong><\/h5>\n\n\n\n<h5 class=\"wp-block-heading has-text-align-center has-ast-global-color-0-color has-text-color\"><strong>zariadenia na rezanie v\u00fdstu\u017ee a oce\u013eov\u00fdch profilov (172B.04) a zariadenia na oh\u00fdbanie v\u00fdstu\u017ee a oce\u013eov\u00fdch profilov (173.04).<\/strong><\/h5>\n\n\n\n<h5 class=\"wp-block-heading has-text-align-center has-ast-global-color-0-color has-text-color\"><strong> Sklad v Hlohovci. <\/strong><\/h5>\n\n\n\n<h5 class=\"wp-block-heading has-text-align-center has-ast-global-color-0-color has-text-color\"><strong>Cena zariadenia na rezanie v\u00fdstu\u017ee a oce\u013eov\u00fdch profilov (172B.04) je 2 850 Euro bez DPH <\/strong><\/h5>\n\n\n\n<h5 class=\"wp-block-heading has-text-align-center has-ast-global-color-0-color has-text-color\"><strong>a <\/strong><\/h5>\n\n\n\n<h5 class=\"wp-block-heading has-text-align-center has-ast-global-color-0-color has-text-color\"><strong>Cena zariadenia na oh\u00fdbanie v\u00fdstu\u017ee a oce\u013eov\u00fdch profilov (173.04) je 3 650 Eurp bez DPH.<\/strong><\/h5>\n\n\n\n<p><\/p>\n\n\n\n<figure class=\"wp-block-image aligncenter size-full\"><img loading=\"lazy\" decoding=\"async\" width=\"813\" height=\"609\" src=\"http:\/\/rosslov\/wp-content\/uploads\/2023\/04\/image-1.png\" alt=\"zariadenie na rezanie v\u00fdstu\u017ee a oce\u013eov\u00fdch profilov\" class=\"wp-image-73\" srcset=\"https:\/\/rosslov.sk\/wp-content\/uploads\/2023\/04\/image-1.png 813w, https:\/\/rosslov.sk\/wp-content\/uploads\/2023\/04\/image-1-300x225.png 300w, https:\/\/rosslov.sk\/wp-content\/uploads\/2023\/04\/image-1-768x575.png 768w\" sizes=\"auto, (max-width: 813px) 100vw, 813px\" \/><\/figure>\n\n\n\n<p><\/p>\n\n\n\n<figure class=\"wp-block-image aligncenter size-full\"><img loading=\"lazy\" decoding=\"async\" width=\"811\" height=\"606\" src=\"http:\/\/rosslov\/wp-content\/uploads\/2023\/04\/image-3.png\" alt=\"zariadenie na oh\u00fdbanie v\u00fdstu\u017ee a oce\u013eov\u00fdch profilov\" class=\"wp-image-75\" srcset=\"https:\/\/rosslov.sk\/wp-content\/uploads\/2023\/04\/image-3.png 811w, https:\/\/rosslov.sk\/wp-content\/uploads\/2023\/04\/image-3-300x224.png 300w, https:\/\/rosslov.sk\/wp-content\/uploads\/2023\/04\/image-3-768x574.png 768w\" sizes=\"auto, (max-width: 811px) 100vw, 811px\" \/><\/figure>\n","protected":false},"excerpt":{"rendered":"<p>Spolo\u010dnos\u0165 RosSlov sro sa \u0161pecializuje na v\u00fdrobu, servis a \u00fadr\u017ebu zv\u00e1rac\u00edch a pomocn\u00fdch zariaden\u00ed pre \u0161irok\u00fd rozsah zv\u00e1rac\u00edch a in\u00fdch pr\u00e1c s armat\u00farami a kovov\u00fdmi celkami. Na\u0161im partnerom pon\u00fakame podporu pri komplexn\u00fdch v\u00fdzvach s\u00favisiacich so sofistikovan\u00fdmi technologick\u00fdmi rie\u0161eniami pri dod\u00e1vke automatizovan\u00fdch zv\u00e1rac\u00edch zariaden\u00ed a v\u00fdrobn\u00fdch liniek. Na\u0161e slu\u017eby s\u00fa zalo\u017een\u00e9 na partnerstve, ktor\u00e9 pokr\u00fdva cel\u00fd &hellip;<\/p>\n<p class=\"read-more\"> <a class=\"\" href=\"https:\/\/rosslov.sk\/\"> <span class=\"screen-reader-text\">DOMOV<\/span> \u0427\u0438\u0442\u0430\u0442\u044c \u0434\u0430\u043b\u0435\u0435 &raquo;<\/a><\/p>\n","protected":false},"author":1,"featured_media":0,"parent":0,"menu_order":0,"comment_status":"closed","ping_status":"closed","template":"","meta":{"site-sidebar-layout":"default","site-content-layout":"default","ast-global-header-display":"","ast-main-header-display":"","ast-hfb-above-header-display":"","ast-hfb-below-header-display":"","ast-hfb-mobile-header-display":"","site-post-title":"disabled","ast-breadcrumbs-content":"","ast-featured-img":"","footer-sml-layout":"","theme-transparent-header-meta":"","adv-header-id-meta":"","stick-header-meta":"","header-above-stick-meta":"","header-main-stick-meta":"","header-below-stick-meta":"","footnotes":""},"class_list":["post-14","page","type-page","status-publish","hentry"],"yoast_head":"<!-- This site is optimized with the Yoast SEO plugin v20.5 - https:\/\/yoast.com\/wordpress\/plugins\/seo\/ -->\n<title>DOMOV -<\/title>\n<meta name=\"robots\" content=\"index, follow, max-snippet:-1, max-image-preview:large, max-video-preview:-1\" \/>\n<link rel=\"canonical\" href=\"https:\/\/rosslov.sk\/\" \/>\n<meta property=\"og:locale\" content=\"ru_RU\" \/>\n<meta property=\"og:type\" content=\"article\" \/>\n<meta property=\"og:title\" content=\"DOMOV -\" \/>\n<meta property=\"og:description\" content=\"Spolo\u010dnos\u0165 RosSlov sro sa \u0161pecializuje na v\u00fdrobu, servis a \u00fadr\u017ebu zv\u00e1rac\u00edch a pomocn\u00fdch zariaden\u00ed pre \u0161irok\u00fd rozsah zv\u00e1rac\u00edch a in\u00fdch pr\u00e1c s armat\u00farami a kovov\u00fdmi celkami. Na\u0161im partnerom pon\u00fakame podporu pri komplexn\u00fdch v\u00fdzvach s\u00favisiacich so sofistikovan\u00fdmi technologick\u00fdmi rie\u0161eniami pri dod\u00e1vke automatizovan\u00fdch zv\u00e1rac\u00edch zariaden\u00ed a v\u00fdrobn\u00fdch liniek. Na\u0161e slu\u017eby s\u00fa zalo\u017een\u00e9 na partnerstve, ktor\u00e9 pokr\u00fdva cel\u00fd &hellip; DOMOV \u0427\u0438\u0442\u0430\u0442\u044c \u0434\u0430\u043b\u0435\u0435 &raquo;\" \/>\n<meta property=\"og:url\" content=\"https:\/\/rosslov.sk\/\" \/>\n<meta property=\"article:modified_time\" content=\"2023-04-26T10:59:57+00:00\" \/>\n<meta property=\"og:image\" content=\"http:\/\/rosslov\/wp-content\/uploads\/2023\/04\/image-1.png\" \/>\n<meta name=\"twitter:card\" content=\"summary_large_image\" \/>\n<meta name=\"twitter:label1\" content=\"\u041f\u0440\u0438\u043c\u0435\u0440\u043d\u043e\u0435 \u0432\u0440\u0435\u043c\u044f \u0434\u043b\u044f \u0447\u0442\u0435\u043d\u0438\u044f\" \/>\n\t<meta name=\"twitter:data1\" content=\"3 \u043c\u0438\u043d\u0443\u0442\u044b\" \/>\n<script type=\"application\/ld+json\" class=\"yoast-schema-graph\">{\"@context\":\"https:\/\/schema.org\",\"@graph\":[{\"@type\":\"WebPage\",\"@id\":\"https:\/\/rosslov.sk\/\",\"url\":\"https:\/\/rosslov.sk\/\",\"name\":\"DOMOV -\",\"isPartOf\":{\"@id\":\"https:\/\/rosslov.sk\/#website\"},\"datePublished\":\"2023-04-21T08:30:15+00:00\",\"dateModified\":\"2023-04-26T10:59:57+00:00\",\"breadcrumb\":{\"@id\":\"https:\/\/rosslov.sk\/#breadcrumb\"},\"inLanguage\":\"ru-RU\",\"potentialAction\":[{\"@type\":\"ReadAction\",\"target\":[\"https:\/\/rosslov.sk\/\"]}]},{\"@type\":\"BreadcrumbList\",\"@id\":\"https:\/\/rosslov.sk\/#breadcrumb\",\"itemListElement\":[{\"@type\":\"ListItem\",\"position\":1,\"name\":\"\u0413\u043b\u0430\u0432\u043d\u0430\u044f \u0441\u0442\u0440\u0430\u043d\u0438\u0446\u0430\",\"item\":\"https:\/\/rosslov.sk\/\"},{\"@type\":\"ListItem\",\"position\":2,\"name\":\"DOMOV\"}]},{\"@type\":\"WebSite\",\"@id\":\"https:\/\/rosslov.sk\/#website\",\"url\":\"https:\/\/rosslov.sk\/\",\"name\":\"\",\"description\":\"ROSSLOV\",\"potentialAction\":[{\"@type\":\"SearchAction\",\"target\":{\"@type\":\"EntryPoint\",\"urlTemplate\":\"https:\/\/rosslov.sk\/?s={search_term_string}\"},\"query-input\":\"required name=search_term_string\"}],\"inLanguage\":\"ru-RU\"}]}<\/script>\n<!-- \/ Yoast SEO plugin. -->","yoast_head_json":{"title":"DOMOV -","robots":{"index":"index","follow":"follow","max-snippet":"max-snippet:-1","max-image-preview":"max-image-preview:large","max-video-preview":"max-video-preview:-1"},"canonical":"https:\/\/rosslov.sk\/","og_locale":"ru_RU","og_type":"article","og_title":"DOMOV -","og_description":"Spolo\u010dnos\u0165 RosSlov sro sa \u0161pecializuje na v\u00fdrobu, servis a \u00fadr\u017ebu zv\u00e1rac\u00edch a pomocn\u00fdch zariaden\u00ed pre \u0161irok\u00fd rozsah zv\u00e1rac\u00edch a in\u00fdch pr\u00e1c s armat\u00farami a kovov\u00fdmi celkami. Na\u0161im partnerom pon\u00fakame podporu pri komplexn\u00fdch v\u00fdzvach s\u00favisiacich so sofistikovan\u00fdmi technologick\u00fdmi rie\u0161eniami pri dod\u00e1vke automatizovan\u00fdch zv\u00e1rac\u00edch zariaden\u00ed a v\u00fdrobn\u00fdch liniek. Na\u0161e slu\u017eby s\u00fa zalo\u017een\u00e9 na partnerstve, ktor\u00e9 pokr\u00fdva cel\u00fd &hellip; DOMOV \u0427\u0438\u0442\u0430\u0442\u044c \u0434\u0430\u043b\u0435\u0435 &raquo;","og_url":"https:\/\/rosslov.sk\/","article_modified_time":"2023-04-26T10:59:57+00:00","og_image":[{"url":"http:\/\/rosslov\/wp-content\/uploads\/2023\/04\/image-1.png"}],"twitter_card":"summary_large_image","twitter_misc":{"\u041f\u0440\u0438\u043c\u0435\u0440\u043d\u043e\u0435 \u0432\u0440\u0435\u043c\u044f \u0434\u043b\u044f \u0447\u0442\u0435\u043d\u0438\u044f":"3 \u043c\u0438\u043d\u0443\u0442\u044b"},"schema":{"@context":"https:\/\/schema.org","@graph":[{"@type":"WebPage","@id":"https:\/\/rosslov.sk\/","url":"https:\/\/rosslov.sk\/","name":"DOMOV -","isPartOf":{"@id":"https:\/\/rosslov.sk\/#website"},"datePublished":"2023-04-21T08:30:15+00:00","dateModified":"2023-04-26T10:59:57+00:00","breadcrumb":{"@id":"https:\/\/rosslov.sk\/#breadcrumb"},"inLanguage":"ru-RU","potentialAction":[{"@type":"ReadAction","target":["https:\/\/rosslov.sk\/"]}]},{"@type":"BreadcrumbList","@id":"https:\/\/rosslov.sk\/#breadcrumb","itemListElement":[{"@type":"ListItem","position":1,"name":"\u0413\u043b\u0430\u0432\u043d\u0430\u044f \u0441\u0442\u0440\u0430\u043d\u0438\u0446\u0430","item":"https:\/\/rosslov.sk\/"},{"@type":"ListItem","position":2,"name":"DOMOV"}]},{"@type":"WebSite","@id":"https:\/\/rosslov.sk\/#website","url":"https:\/\/rosslov.sk\/","name":"","description":"ROSSLOV","potentialAction":[{"@type":"SearchAction","target":{"@type":"EntryPoint","urlTemplate":"https:\/\/rosslov.sk\/?s={search_term_string}"},"query-input":"required name=search_term_string"}],"inLanguage":"ru-RU"}]}},"_links":{"self":[{"href":"https:\/\/rosslov.sk\/index.php?rest_route=\/wp\/v2\/pages\/14","targetHints":{"allow":["GET"]}}],"collection":[{"href":"https:\/\/rosslov.sk\/index.php?rest_route=\/wp\/v2\/pages"}],"about":[{"href":"https:\/\/rosslov.sk\/index.php?rest_route=\/wp\/v2\/types\/page"}],"author":[{"embeddable":true,"href":"https:\/\/rosslov.sk\/index.php?rest_route=\/wp\/v2\/users\/1"}],"replies":[{"embeddable":true,"href":"https:\/\/rosslov.sk\/index.php?rest_route=%2Fwp%2Fv2%2Fcomments&post=14"}],"version-history":[{"count":12,"href":"https:\/\/rosslov.sk\/index.php?rest_route=\/wp\/v2\/pages\/14\/revisions"}],"predecessor-version":[{"id":94,"href":"https:\/\/rosslov.sk\/index.php?rest_route=\/wp\/v2\/pages\/14\/revisions\/94"}],"wp:attachment":[{"href":"https:\/\/rosslov.sk\/index.php?rest_route=%2Fwp%2Fv2%2Fmedia&parent=14"}],"curies":[{"name":"wp","href":"https:\/\/api.w.org\/{rel}","templated":true}]}}